{"id":2,"date":"2023-12-14T12:11:45","date_gmt":"2023-12-14T17:11:45","guid":{"rendered":"https:\/\/cousu.ca\/?page_id=2"},"modified":"2026-04-20T19:43:36","modified_gmt":"2026-04-20T23:43:36","slug":"home","status":"publish","type":"page","link":"https:\/\/cousu.ca\/fr\/","title":{"rendered":"Home"},"content":{"rendered":"<div class=\"wp-block-hero-banner\">\n  <div class=\"hero-banner\">\n                  <div class=\"hero-banner-image\" style=\"background-image: url(https:\/\/cousu.ca\/app\/uploads\/2023\/12\/8H3A3687-1050x700.webp);\"><\/div>\n                        <\/div>\n  <\/div>\n\n\n<div class=\"wp-block-cta-button\">\n  <div class=\"container\">\n    <div class=\"row  align-items-center\">\n              <div class=\"col-12 text-center\">\n                      <h2>Des int\u00e9rieurs raffin\u00e9s, pens\u00e9s pour la vie contemporaine<\/h2>\n                                <h3>D\u00e9sservant les r\u00e9gions de Toronto \u00e0 Hamilton et les villes avoisinantes<\/h3>\n                                              <a class=\"btn btn-outline-secondary\" href=\"https:\/\/cousu.ca\/fr\/portfolio\/\">Notre portfolio<\/a>\n                              <\/div>\n          <\/div>\n  <\/div>\n<\/div>\n\n\n<div class=\"wp-block-image-and-copy-grid\" >\n  <div class=\"container\">\n    <div class=\"row\">\n              <div class=\"d-flex flex-column justify-content-center mb-4 col-lg-4\">\n                      <img decoding=\"async\" class=\"img-fluid ratio ratio-1x1\" src=\"https:\/\/cousu.ca\/app\/uploads\/2023\/12\/Bloor-st_2nd-bedroom-1-533x533.webp\"  alt=\"Bloor st_2nd bedroom\">\n                  <\/div>\n              <div class=\"d-flex flex-column justify-content-center mb-4 col-lg-4\">\n                      <img decoding=\"async\" class=\"img-fluid ratio ratio-1x1\" src=\"https:\/\/cousu.ca\/app\/uploads\/2023\/12\/bedroom2-scaled-1-533x533.webp\"  alt=\"bedroom2-scaled-1\">\n                  <\/div>\n              <div class=\"d-flex flex-column justify-content-center mb-4 col-lg-4\">\n                      <img decoding=\"async\" class=\"img-fluid ratio ratio-1x1\" src=\"https:\/\/cousu.ca\/app\/uploads\/2023\/12\/lanterns-scaled-1-533x533.webp\"  alt=\"lanterns-scaled-1\">\n                  <\/div>\n              <div class=\"d-flex flex-column justify-content-center mb-4 col-lg-8\">\n                      <img decoding=\"async\" class=\"img-fluid\" src=\"https:\/\/cousu.ca\/app\/uploads\/2023\/12\/dining-table-1-908x442.webp\"  alt=\"dining-table-1\">\n                  <\/div>\n              <div class=\"d-flex flex-column justify-content-center mb-4 col-lg-4\">\n                                    <h3>NOTRE MISSION<\/h3>\n                                      <div><p>Chez Cousu, nous offrons un service complet de design d\u2019int\u00e9rieur et de d\u00e9coration, en cr\u00e9ant des espaces sur mesure et ax\u00e9s sur le bien-\u00eatre. Notre mission est d\u2019offrir un service cl\u00e9 en main personnalis\u00e9, pens\u00e9 sp\u00e9cialement pour les professionnels, les familles et les a\u00een\u00e9s.<\/p>\n<\/div>\n                              <\/div>\n          <\/div>\n  <\/div>\n<\/div>","protected":false},"excerpt":{"rendered":"","protected":false},"author":1,"featured_media":220,"parent":0,"menu_order":0,"comment_status":"closed","ping_status":"open","template":"","meta":{"_acf_changed":false,"footnotes":""},"class_list":["post-2","page","type-page","status-publish","has-post-thumbnail","hentry"],"acf":[],"yoast_head":"<!-- This site is optimized with the Yoast SEO plugin v26.8 - https:\/\/yoast.com\/product\/yoast-seo-wordpress\/ -->\n<title>Home - Cousu Design<\/title>\n<meta name=\"description\" content=\"Residential interior design and decorating service for Oakville, Hamilton, Burlington, Milton, GTA. Consultation, design and project management services for professional, families, multi-generational living and seniors. % %\" \/>\n<meta name=\"robots\" content=\"index, follow, max-snippet:-1, max-image-preview:large, max-video-preview:-1\" \/>\n<link rel=\"canonical\" href=\"https:\/\/cousu.ca\/fr\/\" \/>\n<meta property=\"og:locale\" content=\"fr_CA\" \/>\n<meta property=\"og:type\" content=\"article\" \/>\n<meta property=\"og:title\" content=\"Home - Cousu Design\" \/>\n<meta property=\"og:description\" content=\"Residential interior design and decorating service for Oakville, Hamilton, Burlington, Milton, GTA. Consultation, design and project management services for professional, families, multi-generational living and seniors. % %\" \/>\n<meta property=\"og:url\" content=\"https:\/\/cousu.ca\/fr\/\" \/>\n<meta property=\"og:site_name\" content=\"Cousu Design\" \/>\n<meta property=\"article:modified_time\" content=\"2026-04-20T23:43:36+00:00\" \/>\n<meta property=\"og:image\" content=\"https:\/\/cousu.ca\/app\/uploads\/2023\/12\/8H3A3687-scaled.webp\" \/>\n\t<meta property=\"og:image:width\" content=\"2560\" \/>\n\t<meta property=\"og:image:height\" content=\"1707\" \/>\n\t<meta property=\"og:image:type\" content=\"image\/jpeg\" \/>\n<meta name=\"twitter:card\" content=\"summary_large_image\" \/>\n<meta name=\"twitter:label1\" content=\"Estimation du temps de lecture\" \/>\n\t<meta name=\"twitter:data1\" content=\"1 minute\" \/>\n<script type=\"application\/ld+json\" class=\"yoast-schema-graph\">{\"@context\":\"https:\/\/schema.org\",\"@graph\":[{\"@type\":\"WebPage\",\"@id\":\"https:\/\/cousu.ca\/\",\"url\":\"https:\/\/cousu.ca\/\",\"name\":\"Home - Cousu Design\",\"isPartOf\":{\"@id\":\"https:\/\/cousu.ca\/en\/#website\"},\"primaryImageOfPage\":{\"@id\":\"https:\/\/cousu.ca\/#primaryimage\"},\"image\":{\"@id\":\"https:\/\/cousu.ca\/#primaryimage\"},\"thumbnailUrl\":\"https:\/\/cousu.ca\/app\/uploads\/2023\/12\/8H3A3687-scaled.webp\",\"datePublished\":\"2023-12-14T17:11:45+00:00\",\"dateModified\":\"2026-04-20T23:43:36+00:00\",\"description\":\"Residential interior design and decorating service for Oakville, Hamilton, Burlington, Milton, GTA. Consultation, design and project management services for professional, families, multi-generational living and seniors. % %\",\"breadcrumb\":{\"@id\":\"https:\/\/cousu.ca\/#breadcrumb\"},\"inLanguage\":\"fr-CA\",\"potentialAction\":[{\"@type\":\"ReadAction\",\"target\":[\"https:\/\/cousu.ca\/\"]}]},{\"@type\":\"ImageObject\",\"inLanguage\":\"fr-CA\",\"@id\":\"https:\/\/cousu.ca\/#primaryimage\",\"url\":\"https:\/\/cousu.ca\/app\/uploads\/2023\/12\/8H3A3687-scaled.webp\",\"contentUrl\":\"https:\/\/cousu.ca\/app\/uploads\/2023\/12\/8H3A3687-scaled.webp\",\"width\":2560,\"height\":1707},{\"@type\":\"BreadcrumbList\",\"@id\":\"https:\/\/cousu.ca\/#breadcrumb\",\"itemListElement\":[{\"@type\":\"ListItem\",\"position\":1,\"name\":\"Home\",\"item\":\"https:\/\/cousu.ca\/\"},{\"@type\":\"ListItem\",\"position\":2,\"name\":\"Home\"}]},{\"@type\":\"WebSite\",\"@id\":\"https:\/\/cousu.ca\/en\/#website\",\"url\":\"https:\/\/cousu.ca\/en\/\",\"name\":\"Cousu Design\",\"description\":\"\",\"publisher\":{\"@id\":\"https:\/\/cousu.ca\/en\/#organization\"},\"potentialAction\":[{\"@type\":\"SearchAction\",\"target\":{\"@type\":\"EntryPoint\",\"urlTemplate\":\"https:\/\/cousu.ca\/en\/?s={search_term_string}\"},\"query-input\":{\"@type\":\"PropertyValueSpecification\",\"valueRequired\":true,\"valueName\":\"search_term_string\"}}],\"inLanguage\":\"fr-CA\"},{\"@type\":\"Organization\",\"@id\":\"https:\/\/cousu.ca\/en\/#organization\",\"name\":\"Cousu Design\",\"url\":\"https:\/\/cousu.ca\/en\/\",\"logo\":{\"@type\":\"ImageObject\",\"inLanguage\":\"fr-CA\",\"@id\":\"https:\/\/cousu.ca\/en\/#\/schema\/logo\/image\/\",\"url\":\"https:\/\/cousu.ca\/app\/uploads\/2023\/12\/cropped-android-chrome-512x512-1.png\",\"contentUrl\":\"https:\/\/cousu.ca\/app\/uploads\/2023\/12\/cropped-android-chrome-512x512-1.png\",\"width\":512,\"height\":512,\"caption\":\"Cousu Design\"},\"image\":{\"@id\":\"https:\/\/cousu.ca\/en\/#\/schema\/logo\/image\/\"}}]}<\/script>\n<!-- \/ Yoast SEO plugin. -->","yoast_head_json":{"title":"Home - Cousu Design","description":"Residential interior design and decorating service for Oakville, Hamilton, Burlington, Milton, GTA. Consultation, design and project management services for professional, families, multi-generational living and seniors. % %","robots":{"index":"index","follow":"follow","max-snippet":"max-snippet:-1","max-image-preview":"max-image-preview:large","max-video-preview":"max-video-preview:-1"},"canonical":"https:\/\/cousu.ca\/fr\/","og_locale":"fr_CA","og_type":"article","og_title":"Home - Cousu Design","og_description":"Residential interior design and decorating service for Oakville, Hamilton, Burlington, Milton, GTA. Consultation, design and project management services for professional, families, multi-generational living and seniors. % %","og_url":"https:\/\/cousu.ca\/fr\/","og_site_name":"Cousu Design","article_modified_time":"2026-04-20T23:43:36+00:00","og_image":[{"width":2560,"height":1707,"url":"https:\/\/cousu.ca\/app\/uploads\/2023\/12\/8H3A3687-scaled.webp","type":"image\/jpeg"}],"twitter_card":"summary_large_image","twitter_misc":{"Estimation du temps de lecture":"1 minute"},"schema":{"@context":"https:\/\/schema.org","@graph":[{"@type":"WebPage","@id":"https:\/\/cousu.ca\/","url":"https:\/\/cousu.ca\/","name":"Home - Cousu Design","isPartOf":{"@id":"https:\/\/cousu.ca\/en\/#website"},"primaryImageOfPage":{"@id":"https:\/\/cousu.ca\/#primaryimage"},"image":{"@id":"https:\/\/cousu.ca\/#primaryimage"},"thumbnailUrl":"https:\/\/cousu.ca\/app\/uploads\/2023\/12\/8H3A3687-scaled.webp","datePublished":"2023-12-14T17:11:45+00:00","dateModified":"2026-04-20T23:43:36+00:00","description":"Residential interior design and decorating service for Oakville, Hamilton, Burlington, Milton, GTA. Consultation, design and project management services for professional, families, multi-generational living and seniors. % %","breadcrumb":{"@id":"https:\/\/cousu.ca\/#breadcrumb"},"inLanguage":"fr-CA","potentialAction":[{"@type":"ReadAction","target":["https:\/\/cousu.ca\/"]}]},{"@type":"ImageObject","inLanguage":"fr-CA","@id":"https:\/\/cousu.ca\/#primaryimage","url":"https:\/\/cousu.ca\/app\/uploads\/2023\/12\/8H3A3687-scaled.webp","contentUrl":"https:\/\/cousu.ca\/app\/uploads\/2023\/12\/8H3A3687-scaled.webp","width":2560,"height":1707},{"@type":"BreadcrumbList","@id":"https:\/\/cousu.ca\/#breadcrumb","itemListElement":[{"@type":"ListItem","position":1,"name":"Home","item":"https:\/\/cousu.ca\/"},{"@type":"ListItem","position":2,"name":"Home"}]},{"@type":"WebSite","@id":"https:\/\/cousu.ca\/en\/#website","url":"https:\/\/cousu.ca\/en\/","name":"Cousu Design","description":"","publisher":{"@id":"https:\/\/cousu.ca\/en\/#organization"},"potentialAction":[{"@type":"SearchAction","target":{"@type":"EntryPoint","urlTemplate":"https:\/\/cousu.ca\/en\/?s={search_term_string}"},"query-input":{"@type":"PropertyValueSpecification","valueRequired":true,"valueName":"search_term_string"}}],"inLanguage":"fr-CA"},{"@type":"Organization","@id":"https:\/\/cousu.ca\/en\/#organization","name":"Cousu Design","url":"https:\/\/cousu.ca\/en\/","logo":{"@type":"ImageObject","inLanguage":"fr-CA","@id":"https:\/\/cousu.ca\/en\/#\/schema\/logo\/image\/","url":"https:\/\/cousu.ca\/app\/uploads\/2023\/12\/cropped-android-chrome-512x512-1.png","contentUrl":"https:\/\/cousu.ca\/app\/uploads\/2023\/12\/cropped-android-chrome-512x512-1.png","width":512,"height":512,"caption":"Cousu Design"},"image":{"@id":"https:\/\/cousu.ca\/en\/#\/schema\/logo\/image\/"}}]}},"_links":{"self":[{"href":"https:\/\/cousu.ca\/fr\/wp-json\/wp\/v2\/pages\/2","targetHints":{"allow":["GET"]}}],"collection":[{"href":"https:\/\/cousu.ca\/fr\/wp-json\/wp\/v2\/pages"}],"about":[{"href":"https:\/\/cousu.ca\/fr\/wp-json\/wp\/v2\/types\/page"}],"author":[{"embeddable":true,"href":"https:\/\/cousu.ca\/fr\/wp-json\/wp\/v2\/users\/1"}],"replies":[{"embeddable":true,"href":"https:\/\/cousu.ca\/fr\/wp-json\/wp\/v2\/comments?post=2"}],"version-history":[{"count":38,"href":"https:\/\/cousu.ca\/fr\/wp-json\/wp\/v2\/pages\/2\/revisions"}],"predecessor-version":[{"id":402,"href":"https:\/\/cousu.ca\/fr\/wp-json\/wp\/v2\/pages\/2\/revisions\/402"}],"wp:featuredmedia":[{"embeddable":true,"href":"https:\/\/cousu.ca\/fr\/wp-json\/wp\/v2\/media\/220"}],"wp:attachment":[{"href":"https:\/\/cousu.ca\/fr\/wp-json\/wp\/v2\/media?parent=2"}],"curies":[{"name":"wp","href":"https:\/\/api.w.org\/{rel}","templated":true}]}}