{"id":16,"date":"2023-12-15T11:39:12","date_gmt":"2023-12-15T16:39:12","guid":{"rendered":"https:\/\/cousu.ca\/?page_id=16"},"modified":"2026-04-16T16:49:06","modified_gmt":"2026-04-16T20:49:06","slug":"services","status":"publish","type":"page","link":"https:\/\/cousu.ca\/fr\/services\/","title":{"rendered":"Nos services"},"content":{"rendered":"<div class=\"wp-block-image-grid\">\n  <div class=\"container-fluid\">\n    <div class=\"row\">\n                        <div class=\"col-lg-4 p-0\">\n            <img decoding=\"async\" class=\"ratio ratio-1x1 img-fluid\" src=\"https:\/\/cousu.ca\/app\/uploads\/2026\/04\/Screenshot-2026-04-10-at-3.23.08-PM-1-533x533.png\" alt=\"Screenshot 2026-04-10 at 3.23.08\u202fPM\">\n          <\/div>\n                  <div class=\"col-lg-4 p-0\">\n            <img decoding=\"async\" class=\"ratio ratio-1x1 img-fluid\" src=\"https:\/\/cousu.ca\/app\/uploads\/2023\/12\/bg-contact-block-533x533.png\" alt=\"bg-contact-block\">\n          <\/div>\n                  <div class=\"col-lg-4 p-0\">\n            <img decoding=\"async\" class=\"ratio ratio-1x1 img-fluid\" src=\"https:\/\/cousu.ca\/app\/uploads\/2023\/12\/living-room-533x533.webp\" alt=\"living-room\">\n          <\/div>\n                  <\/div>\n  <\/div>\n<\/div>\n\n\n<div class=\"block-two-column-image left-image wp-block-two-column-image\"  style=\"background-color: #f2f2f2;\">\n    <div class=\"container\">\n    <div class=\"row align-items-center justify-content-between\">\n                        <div class=\"col-md-5\">\n                      <\/div>\n          <div class=\"col-md-7\">\n\n<h2 class=\"wp-block-heading\">Le design d'int\u00e9rieur pour la vie de tous les jours ne se limite pas simplement \u00e0 l'esth\u00e9tique et \u00e0 la beaut\u00e9 des lieux. Nous croyons fondamentalement \u00e0 cr\u00e9er des espaces qui s'adaptent au dynamisme et rhythme de vie des familles d'aujourd'hui.<\/h2>\n\n\n\n<hr class=\"wp-block-separator has-alpha-channel-opacity\"\/>\n\n\n\n<p>At the core of this approach is the understanding that each home must be both functional and welcoming, a place where practicality meets comfort. From durable, easy-to-clean materials to versatile furniture that can adapt to various needs, every element is chosen with your lifestyle in mind. It&#8217;s about crafting spaces that not only look beautiful but also work efficiently for your daily routines, ensuring that every room is not just a space but a well-loved part of the home.<\/p>\n\n\n<div class=\"wp-block-cta-button p-0\">\n  <div class=\"container\">\n    <div class=\"row p-0 align-items-center\">\n              <div class=\"col-12 text-left p-0\">\n                                                        <a class=\"btn btn-outline-secondary\" href=\"https:\/\/cousu.ca\/fr\/portfolio\/\">Notre portfolio<\/a>\n                              <\/div>\n          <\/div>\n  <\/div>\n<\/div>\n\n<\/div>\n                  <\/div>\n  <\/div>\n<\/div>\n\n\n\n\n<div class=\"wp-block-icon-cta-grid\">\n  <div class=\"container\">\n        <div class=\"row justify-content-center\">\n                        <div class=\"col-lg-4 text-left icon-cta\">\n                          <img decoding=\"async\" class=\"icon\" src=\"\/app\/themes\/cousu\/acf-icon-selector\/assets\/icons\/\/Library\/Brown\/bureau.svg\">\n                                      <h4 class=\"fw-bold text-left\">Menuiserie<\/h4>\n                                      <div class=\"copy text-left\">Des armoires sur mesure et des moulures de murs et de plafonds sont des d\u00e9tails qui viennent rehausser l\u2019apparence d\u2019une demeure. Nous travaillons \u00e9troitement avec des professionnels de m\u00e9tiers sp\u00e9cialis\u00e9s locaux, afin de concevoir ces \u00e9l\u00e9ments de menuiserie, et de les incorporer d\u2019une fa\u00e7on qui s\u2019harmonise avec l\u2019architecture existante de votre espace.<\/div>\n                      <\/div>\n                  <div class=\"col-lg-4 text-left icon-cta\">\n                          <img decoding=\"async\" class=\"icon\" src=\"\/app\/themes\/cousu\/acf-icon-selector\/assets\/icons\/\/Library\/Brown\/furniture.svg\">\n                                      <h4 class=\"fw-bold text-left\">Ameublements<\/h4>\n                                      <div class=\"copy text-left\">Avant d\u2019acheter des meubles et accessoires neufs, nous commen\u00e7ons notre processus de s\u00e9lection en regardant si nous pouvons r\u00e9utiliser ceux que vous avez d\u00e9j\u00e0. Par la suite, s\u2019il est n\u00e9cessaire d\u2019incorporer des ameublements neufs, nous le ferons en respectant votre budget et en s\u2019alignant avec votre style personnel.<\/div>\n                      <\/div>\n                  <div class=\"col-lg-4 text-left icon-cta\">\n                          <img decoding=\"async\" class=\"icon\" src=\"\/app\/themes\/cousu\/acf-icon-selector\/assets\/icons\/\/Library\/Brown\/color-palette.svg\">\n                                      <h4 class=\"fw-bold text-left\">Consultation en couleur<\/h4>\n                                      <div class=\"copy text-left\">Que vous vouliez choisir une nouvelle couleur pour les murs d\u2019une seule chambre ou une palette de couleurs compl\u00e8te pour toute une maison, les possibilit\u00e9s sont infinies. Comptez sur nous pour vous guider \u00e0 travers et faciliter ce processus de s\u00e9lection. <\/div>\n                      <\/div>\n                  <div class=\"col-lg-4 text-left icon-cta\">\n                          <img decoding=\"async\" class=\"icon\" src=\"\/app\/themes\/cousu\/acf-icon-selector\/assets\/icons\/\/Library\/Brown\/pencil-ruler.svg\">\n                                      <h4 class=\"fw-bold text-left\">Conception du design<\/h4>\n                                      <div class=\"copy text-left\">Besoin de rafraichir votre espace ou changer compl\u00e8tement de look ? Nos services de conceptualisation de l'espace, des installations \u00e9lectriques et des meubles sur mesure sont con\u00e7us dans le but d\u2019optimiser la fonctionnalit\u00e9 de votre espace, sans en compromettre l\u2019esth\u00e9tique.<\/div>\n                      <\/div>\n                  <\/div>\n  <\/div>\n<\/div>","protected":false},"excerpt":{"rendered":"","protected":false},"author":1,"featured_media":0,"parent":0,"menu_order":0,"comment_status":"closed","ping_status":"closed","template":"","meta":{"_acf_changed":false,"footnotes":""},"class_list":["post-16","page","type-page","status-publish","hentry"],"acf":[],"yoast_head":"<!-- This site is optimized with the Yoast SEO plugin v26.8 - https:\/\/yoast.com\/product\/yoast-seo-wordpress\/ -->\n<title>Services - Cousu Design<\/title>\n<meta name=\"robots\" content=\"index, follow, max-snippet:-1, max-image-preview:large, max-video-preview:-1\" \/>\n<link rel=\"canonical\" href=\"https:\/\/cousu.ca\/fr\/services\/\" \/>\n<meta property=\"og:locale\" content=\"fr_CA\" \/>\n<meta property=\"og:type\" content=\"article\" \/>\n<meta property=\"og:title\" content=\"Services - Cousu Design\" \/>\n<meta property=\"og:url\" content=\"https:\/\/cousu.ca\/fr\/services\/\" \/>\n<meta property=\"og:site_name\" content=\"Cousu Design\" \/>\n<meta property=\"article:modified_time\" content=\"2026-04-16T20:49:06+00:00\" \/>\n<meta name=\"twitter:card\" content=\"summary_large_image\" \/>\n<meta name=\"twitter:label1\" content=\"Estimation du temps de lecture\" \/>\n\t<meta name=\"twitter:data1\" content=\"1 minute\" \/>\n<script type=\"application\/ld+json\" class=\"yoast-schema-graph\">{\"@context\":\"https:\/\/schema.org\",\"@graph\":[{\"@type\":\"WebPage\",\"@id\":\"https:\/\/cousu.ca\/services\/\",\"url\":\"https:\/\/cousu.ca\/services\/\",\"name\":\"Services - Cousu Design\",\"isPartOf\":{\"@id\":\"https:\/\/cousu.ca\/en\/#website\"},\"datePublished\":\"2023-12-15T16:39:12+00:00\",\"dateModified\":\"2026-04-16T20:49:06+00:00\",\"breadcrumb\":{\"@id\":\"https:\/\/cousu.ca\/services\/#breadcrumb\"},\"inLanguage\":\"fr-CA\",\"potentialAction\":[{\"@type\":\"ReadAction\",\"target\":[\"https:\/\/cousu.ca\/services\/\"]}]},{\"@type\":\"BreadcrumbList\",\"@id\":\"https:\/\/cousu.ca\/services\/#breadcrumb\",\"itemListElement\":[{\"@type\":\"ListItem\",\"position\":1,\"name\":\"Home\",\"item\":\"https:\/\/cousu.ca\/\"},{\"@type\":\"ListItem\",\"position\":2,\"name\":\"Services\"}]},{\"@type\":\"WebSite\",\"@id\":\"https:\/\/cousu.ca\/en\/#website\",\"url\":\"https:\/\/cousu.ca\/en\/\",\"name\":\"Cousu Design\",\"description\":\"\",\"publisher\":{\"@id\":\"https:\/\/cousu.ca\/en\/#organization\"},\"potentialAction\":[{\"@type\":\"SearchAction\",\"target\":{\"@type\":\"EntryPoint\",\"urlTemplate\":\"https:\/\/cousu.ca\/en\/?s={search_term_string}\"},\"query-input\":{\"@type\":\"PropertyValueSpecification\",\"valueRequired\":true,\"valueName\":\"search_term_string\"}}],\"inLanguage\":\"fr-CA\"},{\"@type\":\"Organization\",\"@id\":\"https:\/\/cousu.ca\/en\/#organization\",\"name\":\"Cousu Design\",\"url\":\"https:\/\/cousu.ca\/en\/\",\"logo\":{\"@type\":\"ImageObject\",\"inLanguage\":\"fr-CA\",\"@id\":\"https:\/\/cousu.ca\/en\/#\/schema\/logo\/image\/\",\"url\":\"https:\/\/cousu.ca\/app\/uploads\/2023\/12\/cropped-android-chrome-512x512-1.png\",\"contentUrl\":\"https:\/\/cousu.ca\/app\/uploads\/2023\/12\/cropped-android-chrome-512x512-1.png\",\"width\":512,\"height\":512,\"caption\":\"Cousu Design\"},\"image\":{\"@id\":\"https:\/\/cousu.ca\/en\/#\/schema\/logo\/image\/\"}}]}<\/script>\n<!-- \/ Yoast SEO plugin. -->","yoast_head_json":{"title":"Services - Cousu Design","robots":{"index":"index","follow":"follow","max-snippet":"max-snippet:-1","max-image-preview":"max-image-preview:large","max-video-preview":"max-video-preview:-1"},"canonical":"https:\/\/cousu.ca\/fr\/services\/","og_locale":"fr_CA","og_type":"article","og_title":"Services - Cousu Design","og_url":"https:\/\/cousu.ca\/fr\/services\/","og_site_name":"Cousu Design","article_modified_time":"2026-04-16T20:49:06+00:00","twitter_card":"summary_large_image","twitter_misc":{"Estimation du temps de lecture":"1 minute"},"schema":{"@context":"https:\/\/schema.org","@graph":[{"@type":"WebPage","@id":"https:\/\/cousu.ca\/services\/","url":"https:\/\/cousu.ca\/services\/","name":"Services - Cousu Design","isPartOf":{"@id":"https:\/\/cousu.ca\/en\/#website"},"datePublished":"2023-12-15T16:39:12+00:00","dateModified":"2026-04-16T20:49:06+00:00","breadcrumb":{"@id":"https:\/\/cousu.ca\/services\/#breadcrumb"},"inLanguage":"fr-CA","potentialAction":[{"@type":"ReadAction","target":["https:\/\/cousu.ca\/services\/"]}]},{"@type":"BreadcrumbList","@id":"https:\/\/cousu.ca\/services\/#breadcrumb","itemListElement":[{"@type":"ListItem","position":1,"name":"Home","item":"https:\/\/cousu.ca\/"},{"@type":"ListItem","position":2,"name":"Services"}]},{"@type":"WebSite","@id":"https:\/\/cousu.ca\/en\/#website","url":"https:\/\/cousu.ca\/en\/","name":"Cousu Design","description":"","publisher":{"@id":"https:\/\/cousu.ca\/en\/#organization"},"potentialAction":[{"@type":"SearchAction","target":{"@type":"EntryPoint","urlTemplate":"https:\/\/cousu.ca\/en\/?s={search_term_string}"},"query-input":{"@type":"PropertyValueSpecification","valueRequired":true,"valueName":"search_term_string"}}],"inLanguage":"fr-CA"},{"@type":"Organization","@id":"https:\/\/cousu.ca\/en\/#organization","name":"Cousu Design","url":"https:\/\/cousu.ca\/en\/","logo":{"@type":"ImageObject","inLanguage":"fr-CA","@id":"https:\/\/cousu.ca\/en\/#\/schema\/logo\/image\/","url":"https:\/\/cousu.ca\/app\/uploads\/2023\/12\/cropped-android-chrome-512x512-1.png","contentUrl":"https:\/\/cousu.ca\/app\/uploads\/2023\/12\/cropped-android-chrome-512x512-1.png","width":512,"height":512,"caption":"Cousu Design"},"image":{"@id":"https:\/\/cousu.ca\/en\/#\/schema\/logo\/image\/"}}]}},"_links":{"self":[{"href":"https:\/\/cousu.ca\/fr\/wp-json\/wp\/v2\/pages\/16","targetHints":{"allow":["GET"]}}],"collection":[{"href":"https:\/\/cousu.ca\/fr\/wp-json\/wp\/v2\/pages"}],"about":[{"href":"https:\/\/cousu.ca\/fr\/wp-json\/wp\/v2\/types\/page"}],"author":[{"embeddable":true,"href":"https:\/\/cousu.ca\/fr\/wp-json\/wp\/v2\/users\/1"}],"replies":[{"embeddable":true,"href":"https:\/\/cousu.ca\/fr\/wp-json\/wp\/v2\/comments?post=16"}],"version-history":[{"count":24,"href":"https:\/\/cousu.ca\/fr\/wp-json\/wp\/v2\/pages\/16\/revisions"}],"predecessor-version":[{"id":397,"href":"https:\/\/cousu.ca\/fr\/wp-json\/wp\/v2\/pages\/16\/revisions\/397"}],"wp:attachment":[{"href":"https:\/\/cousu.ca\/fr\/wp-json\/wp\/v2\/media?parent=16"}],"curies":[{"name":"wp","href":"https:\/\/api.w.org\/{rel}","templated":true}]}}