{"id":14,"date":"2023-12-15T11:38:55","date_gmt":"2023-12-15T16:38:55","guid":{"rendered":"https:\/\/cousu.ca\/?page_id=14"},"modified":"2026-04-20T19:52:23","modified_gmt":"2026-04-20T23:52:23","slug":"about","status":"publish","type":"page","link":"https:\/\/cousu.ca\/fr\/about\/","title":{"rendered":"A propos"},"content":{"rendered":"<div class=\"block-two-column-image right-image wp-block-two-column-image add-mask\"  style=\"\">\n      <div class=\"background-image container-fluid\" style=\"background-image: url(https:\/\/cousu.ca\/app\/uploads\/2024\/01\/hala-02-scaled.webp);\">\n      <div class=\"row h-100 align-items-stretch\">\n        <div class=\"col-md-6 image-column\" style=\"\">\n          <img decoding=\"async\" src=\"https:\/\/cousu.ca\/app\/uploads\/2024\/01\/hala-02-768x523.webp\" class=\"d-block d-md-none img-fluid\">\n        <\/div>\n      <\/div>\n    <\/div>\n    <div class=\"container\">\n    <div class=\"row align-items-stretch justify-content-between\">\n              <div class=\"col-md-5 copy-column\">\n                      \n\n<h2 class=\"wp-block-heading\">Je suis Hala, fondatrice de COUSU. Avec des formations dans les domaines de la sant\u00e9 et du design,\u00a0j\u2019accorde une grande importance \u00e0 la cr\u00e9ation d\u2019espaces qui ont un impact positif sur la vie quotidienne.\u00a0<\/h2>\n\n\n\n<hr class=\"wp-block-separator has-alpha-channel-opacity\"\/>\n\n\n\n<p>COUSU offre un service personnalis\u00e9 de d\u00e9coration et design r\u00e9sidentiel, ancr\u00e9 dans de principe que vos int\u00e9rieurs doivent contribuer \u00e0 votre sant\u00e9 et bien-\u00eatrel. <\/p>\n\n\n\n<p>Notre style se base sur l'h\u00e9ritage, les mat\u00e9riaux naturels et un design intemporel qui perdure au del\u00e0 des tendances. Nous accompagnons une client\u00e8le de professionnels occup\u00e9s, de familles grandissantes et d\u2019a\u00een\u00e9s souhaitant vieillir chez eux, en concevant des espaces \u00e0 la fois fonctionnels et raffin\u00e9s, pens\u00e9s pour \u00e9voluer avec fluidit\u00e9 et soutenir chaque \u00e9tape de la vie.<\/p>\n\n\n\n<p>Au-del\u00e0 du design, chez COUSU, nous accordons une grande importance \u00e0 l\u2019engagement communautaire. Que ce soit par le biais d\u2019initiatives caritatives aupr\u00e8s d\u2019organismes locaux ou en collaborant avec des artisans et professionnels de notre r\u00e9gion, nous nous engageons \u00e0 soutenir activement notre \u00e9conomie locale et \u00e0 contribuer positivement \u00e0 notre communaut\u00e9. <\/p>\n\n\n<div class=\"wp-block-cta-button p-0\">\n  <div class=\"container\">\n    <div class=\"row p-0 align-items-center\">\n              <div class=\"col-12 text-center p-0\">\n                                                        <a class=\"btn btn-outline-secondary\" href=\"https:\/\/cousu.ca\/fr\/contact\/\">Contactez-nous<\/a>\n                              <\/div>\n          <\/div>\n  <\/div>\n<\/div>\n\n\n                  <\/div>\n        <div class=\"col-md-6 image-column\">\n                  <\/div>\n          <\/div>\n  <\/div>\n<\/div>\n\n\n\n<p><\/p>","protected":false},"excerpt":{"rendered":"","protected":false},"author":1,"featured_media":0,"parent":0,"menu_order":0,"comment_status":"closed","ping_status":"closed","template":"","meta":{"_acf_changed":false,"footnotes":""},"class_list":["post-14","page","type-page","status-publish","hentry"],"acf":[],"yoast_head":"<!-- This site is optimized with the Yoast SEO plugin v26.8 - https:\/\/yoast.com\/product\/yoast-seo-wordpress\/ -->\n<title>About - Cousu Design<\/title>\n<meta name=\"robots\" content=\"index, follow, max-snippet:-1, max-image-preview:large, max-video-preview:-1\" \/>\n<link rel=\"canonical\" href=\"https:\/\/cousu.ca\/fr\/about\/\" \/>\n<meta property=\"og:locale\" content=\"fr_CA\" \/>\n<meta property=\"og:type\" content=\"article\" \/>\n<meta property=\"og:title\" content=\"About - Cousu Design\" \/>\n<meta property=\"og:url\" content=\"https:\/\/cousu.ca\/fr\/about\/\" \/>\n<meta property=\"og:site_name\" content=\"Cousu Design\" \/>\n<meta property=\"article:modified_time\" content=\"2026-04-20T23:52:23+00:00\" \/>\n<meta name=\"twitter:card\" content=\"summary_large_image\" \/>\n<meta name=\"twitter:label1\" content=\"Estimation du temps de lecture\" \/>\n\t<meta name=\"twitter:data1\" content=\"1 minute\" \/>\n<script type=\"application\/ld+json\" class=\"yoast-schema-graph\">{\"@context\":\"https:\/\/schema.org\",\"@graph\":[{\"@type\":\"WebPage\",\"@id\":\"https:\/\/cousu.ca\/about\/\",\"url\":\"https:\/\/cousu.ca\/about\/\",\"name\":\"About - Cousu Design\",\"isPartOf\":{\"@id\":\"https:\/\/cousu.ca\/en\/#website\"},\"datePublished\":\"2023-12-15T16:38:55+00:00\",\"dateModified\":\"2026-04-20T23:52:23+00:00\",\"breadcrumb\":{\"@id\":\"https:\/\/cousu.ca\/about\/#breadcrumb\"},\"inLanguage\":\"fr-CA\",\"potentialAction\":[{\"@type\":\"ReadAction\",\"target\":[\"https:\/\/cousu.ca\/about\/\"]}]},{\"@type\":\"BreadcrumbList\",\"@id\":\"https:\/\/cousu.ca\/about\/#breadcrumb\",\"itemListElement\":[{\"@type\":\"ListItem\",\"position\":1,\"name\":\"Home\",\"item\":\"https:\/\/cousu.ca\/\"},{\"@type\":\"ListItem\",\"position\":2,\"name\":\"About\"}]},{\"@type\":\"WebSite\",\"@id\":\"https:\/\/cousu.ca\/en\/#website\",\"url\":\"https:\/\/cousu.ca\/en\/\",\"name\":\"Cousu Design\",\"description\":\"\",\"publisher\":{\"@id\":\"https:\/\/cousu.ca\/en\/#organization\"},\"potentialAction\":[{\"@type\":\"SearchAction\",\"target\":{\"@type\":\"EntryPoint\",\"urlTemplate\":\"https:\/\/cousu.ca\/en\/?s={search_term_string}\"},\"query-input\":{\"@type\":\"PropertyValueSpecification\",\"valueRequired\":true,\"valueName\":\"search_term_string\"}}],\"inLanguage\":\"fr-CA\"},{\"@type\":\"Organization\",\"@id\":\"https:\/\/cousu.ca\/en\/#organization\",\"name\":\"Cousu Design\",\"url\":\"https:\/\/cousu.ca\/en\/\",\"logo\":{\"@type\":\"ImageObject\",\"inLanguage\":\"fr-CA\",\"@id\":\"https:\/\/cousu.ca\/en\/#\/schema\/logo\/image\/\",\"url\":\"https:\/\/cousu.ca\/app\/uploads\/2023\/12\/cropped-android-chrome-512x512-1.png\",\"contentUrl\":\"https:\/\/cousu.ca\/app\/uploads\/2023\/12\/cropped-android-chrome-512x512-1.png\",\"width\":512,\"height\":512,\"caption\":\"Cousu Design\"},\"image\":{\"@id\":\"https:\/\/cousu.ca\/en\/#\/schema\/logo\/image\/\"}}]}<\/script>\n<!-- \/ Yoast SEO plugin. -->","yoast_head_json":{"title":"About - Cousu Design","robots":{"index":"index","follow":"follow","max-snippet":"max-snippet:-1","max-image-preview":"max-image-preview:large","max-video-preview":"max-video-preview:-1"},"canonical":"https:\/\/cousu.ca\/fr\/about\/","og_locale":"fr_CA","og_type":"article","og_title":"About - Cousu Design","og_url":"https:\/\/cousu.ca\/fr\/about\/","og_site_name":"Cousu Design","article_modified_time":"2026-04-20T23:52:23+00:00","twitter_card":"summary_large_image","twitter_misc":{"Estimation du temps de lecture":"1 minute"},"schema":{"@context":"https:\/\/schema.org","@graph":[{"@type":"WebPage","@id":"https:\/\/cousu.ca\/about\/","url":"https:\/\/cousu.ca\/about\/","name":"About - Cousu Design","isPartOf":{"@id":"https:\/\/cousu.ca\/en\/#website"},"datePublished":"2023-12-15T16:38:55+00:00","dateModified":"2026-04-20T23:52:23+00:00","breadcrumb":{"@id":"https:\/\/cousu.ca\/about\/#breadcrumb"},"inLanguage":"fr-CA","potentialAction":[{"@type":"ReadAction","target":["https:\/\/cousu.ca\/about\/"]}]},{"@type":"BreadcrumbList","@id":"https:\/\/cousu.ca\/about\/#breadcrumb","itemListElement":[{"@type":"ListItem","position":1,"name":"Home","item":"https:\/\/cousu.ca\/"},{"@type":"ListItem","position":2,"name":"About"}]},{"@type":"WebSite","@id":"https:\/\/cousu.ca\/en\/#website","url":"https:\/\/cousu.ca\/en\/","name":"Cousu Design","description":"","publisher":{"@id":"https:\/\/cousu.ca\/en\/#organization"},"potentialAction":[{"@type":"SearchAction","target":{"@type":"EntryPoint","urlTemplate":"https:\/\/cousu.ca\/en\/?s={search_term_string}"},"query-input":{"@type":"PropertyValueSpecification","valueRequired":true,"valueName":"search_term_string"}}],"inLanguage":"fr-CA"},{"@type":"Organization","@id":"https:\/\/cousu.ca\/en\/#organization","name":"Cousu Design","url":"https:\/\/cousu.ca\/en\/","logo":{"@type":"ImageObject","inLanguage":"fr-CA","@id":"https:\/\/cousu.ca\/en\/#\/schema\/logo\/image\/","url":"https:\/\/cousu.ca\/app\/uploads\/2023\/12\/cropped-android-chrome-512x512-1.png","contentUrl":"https:\/\/cousu.ca\/app\/uploads\/2023\/12\/cropped-android-chrome-512x512-1.png","width":512,"height":512,"caption":"Cousu Design"},"image":{"@id":"https:\/\/cousu.ca\/en\/#\/schema\/logo\/image\/"}}]}},"_links":{"self":[{"href":"https:\/\/cousu.ca\/fr\/wp-json\/wp\/v2\/pages\/14","targetHints":{"allow":["GET"]}}],"collection":[{"href":"https:\/\/cousu.ca\/fr\/wp-json\/wp\/v2\/pages"}],"about":[{"href":"https:\/\/cousu.ca\/fr\/wp-json\/wp\/v2\/types\/page"}],"author":[{"embeddable":true,"href":"https:\/\/cousu.ca\/fr\/wp-json\/wp\/v2\/users\/1"}],"replies":[{"embeddable":true,"href":"https:\/\/cousu.ca\/fr\/wp-json\/wp\/v2\/comments?post=14"}],"version-history":[{"count":50,"href":"https:\/\/cousu.ca\/fr\/wp-json\/wp\/v2\/pages\/14\/revisions"}],"predecessor-version":[{"id":404,"href":"https:\/\/cousu.ca\/fr\/wp-json\/wp\/v2\/pages\/14\/revisions\/404"}],"wp:attachment":[{"href":"https:\/\/cousu.ca\/fr\/wp-json\/wp\/v2\/media?parent=14"}],"curies":[{"name":"wp","href":"https:\/\/api.w.org\/{rel}","templated":true}]}}